{"id":454,"date":"2025-09-22T10:20:18","date_gmt":"2025-09-22T08:20:18","guid":{"rendered":"https:\/\/www.halloween-larp.de\/?page_id=454"},"modified":"2025-09-22T10:20:18","modified_gmt":"2025-09-22T08:20:18","slug":"halloween-23-das-vermaechtnis-des-geisterzimmers","status":"publish","type":"page","link":"https:\/\/www.halloween-larp.de\/?page_id=454","title":{"rendered":"Halloween 23: Das Verm\u00e4chtnis des Geisterzimmers"},"content":{"rendered":"\n<p>Halloween LARP pr\u00e4sentierte einen Mystery-Krimi-Horror-Con, der in den schillernden 20ern handelte. Die SCs konnten r\u00e4tseln, schaudern, frohlocken, l\u00e4stern, leiden, leiden lassen, r\u00e4chen, bezirzen, verraten, verd\u00e4chtigen, verpr\u00fcgeln und einige wenige konnten auch taktisch fliehen.<\/p>\n\n\n\n<figure class=\"wp-block-image size-large is-resized\"><img loading=\"lazy\" decoding=\"async\" width=\"768\" height=\"1024\" src=\"https:\/\/www.halloween-larp.de\/wp-content\/uploads\/2024\/02\/952e0ea1-8f6c-4ba6-a0ea-163b31756182-768x1024.jpg\" alt=\"\" class=\"wp-image-343\" srcset=\"https:\/\/www.halloween-larp.de\/wp-content\/uploads\/2024\/02\/952e0ea1-8f6c-4ba6-a0ea-163b31756182-768x1024.jpg 768w, https:\/\/www.halloween-larp.de\/wp-content\/uploads\/2024\/02\/952e0ea1-8f6c-4ba6-a0ea-163b31756182-225x300.jpg 225w, https:\/\/www.halloween-larp.de\/wp-content\/uploads\/2024\/02\/952e0ea1-8f6c-4ba6-a0ea-163b31756182-1152x1536.jpg 1152w, https:\/\/www.halloween-larp.de\/wp-content\/uploads\/2024\/02\/952e0ea1-8f6c-4ba6-a0ea-163b31756182.jpg 1512w\" sizes=\"auto, (max-width: 768px) 100vw, 768px\" \/><\/figure>\n\n\n\n<div class=\"wp-block-columns alignwide are-vertically-aligned-center has-background is-layout-flex wp-container-core-columns-is-layout-9d6595d7 wp-block-columns-is-layout-flex\" style=\"background-color:#855c528f\">\n<div class=\"wp-block-column is-layout-flow wp-block-column-is-layout-flow\">\n<h1 class=\"wp-block-heading has-large-font-size\"><strong><strong><strong>Das Verm\u00e4chtnis des Geisterzimmers<\/strong><\/strong><\/strong><\/h1>\n\n\n\n<p>Im Jahre 1927 l\u00e4dt ein mysteri\u00f6ser G\u00f6nner namens Rudolf Hans Ferdinand Graf von Rockenbach die weltbesten Ermittler:innen in sein Schloss ein. Im Rahmen eines Kriminal-Wettbewerbs finden sich verschiedenste Individuen im Landsitz des Grafen zusammen. Der Hauptpreis: Eine lebenslange Patronage durch den Grafen sowie ein sagenumwobenes Artefakt, dessen Echtheit&#8230; nun ja, es w\u00e4re schon unglaublich! <br>Doch nicht alles ist, wie es scheint und viele Individuen kommen mit ganz anderen, d\u00fcsteren Absichten&#8230;<\/p>\n\n\n\n<figure class=\"wp-block-video\"><video controls poster=\"http:\/\/www.halloween-larp.de\/wp-content\/uploads\/2023\/01\/Bildschirmfoto-2023-01-29-um-18.29.02.png\" src=\"http:\/\/www.halloween-larp.de\/teaser23.mp4\" playsinline><\/video><\/figure>\n<\/div>\n<\/div>\n\n\n\n<div class=\"wp-block-columns alignwide are-vertically-aligned-center has-background is-layout-flex wp-container-core-columns-is-layout-9d6595d7 wp-block-columns-is-layout-flex\" style=\"background-color:#855c528f\">\n<div class=\"wp-block-column is-layout-flow wp-block-column-is-layout-flow\">\n<h3 class=\"wp-block-heading has-large-font-size\"><strong>Practicals<\/strong><\/h3>\n\n\n\n<p><strong>Termine:<\/strong> Run 1 (02.-05.09.23), Run 2 (07.-10.09.23)<\/p>\n\n\n\n<p><strong>Location:<\/strong> &nbsp;Schloss Rockenbach, Mittelfranken, Bayern<\/p>\n\n\n\n<p><strong>Setting: <\/strong>Deutschland in den 1920ern<\/p>\n\n\n\n<p><strong>Pl\u00e4tze<\/strong>: 30 SCs, ca. 10 MSCs<\/p>\n\n\n\n<p><strong>Preis<\/strong>: SC 270 \u20ac, MSC 99 \u20ac (Mitglieder von Illusion LARP bekommen einen kleinen Rabatt)<\/p>\n\n\n\n<p><strong>Unterkunft<\/strong>: Mehrbettzimmer<\/p>\n\n\n\n<p><strong>Essen<\/strong>: Vollverpflegung (Alkohol zum Selbstkostenpreis)<\/p>\n<\/div>\n<\/div>\n\n\n\n<div class=\"wp-block-columns alignwide are-vertically-aligned-center has-background is-layout-flex wp-container-core-columns-is-layout-9d6595d7 wp-block-columns-is-layout-flex\" style=\"background-color:#855c528f\">\n<div class=\"wp-block-column is-layout-flow wp-block-column-is-layout-flow\">\n<h3 class=\"wp-block-heading has-large-font-size\"><strong>Charaktere<\/strong><\/h3>\n\n\n\n<div class=\"wp-block-columns is-layout-flex wp-container-core-columns-is-layout-9d6595d7 wp-block-columns-is-layout-flex\">\n<div class=\"wp-block-column is-layout-flow wp-block-column-is-layout-flow\">\n<figure class=\"wp-block-image size-full\"><a href=\"http:\/\/www.halloween-larp.de\/?p=108\" target=\"_blank\" rel=\"noreferrer noopener\"><img loading=\"lazy\" decoding=\"async\" width=\"996\" height=\"996\" src=\"http:\/\/www.halloween-larp.de\/wp-content\/uploads\/2023\/01\/Bildschirmfoto-2023-01-29-um-19.24.02.png\" alt=\"\" class=\"wp-image-83\" srcset=\"https:\/\/www.halloween-larp.de\/wp-content\/uploads\/2023\/01\/Bildschirmfoto-2023-01-29-um-19.24.02.png 996w, https:\/\/www.halloween-larp.de\/wp-content\/uploads\/2023\/01\/Bildschirmfoto-2023-01-29-um-19.24.02-300x300.png 300w, https:\/\/www.halloween-larp.de\/wp-content\/uploads\/2023\/01\/Bildschirmfoto-2023-01-29-um-19.24.02-150x150.png 150w, https:\/\/www.halloween-larp.de\/wp-content\/uploads\/2023\/01\/Bildschirmfoto-2023-01-29-um-19.24.02-768x768.png 768w\" sizes=\"auto, (max-width: 996px) 100vw, 996px\" \/><\/a><\/figure>\n<\/div>\n\n\n\n<div class=\"wp-block-column is-layout-flow wp-block-column-is-layout-flow\">\n<figure class=\"wp-block-image size-large\"><a href=\"http:\/\/www.halloween-larp.de\/?p=124\" target=\"_blank\" rel=\"noreferrer noopener\"><img decoding=\"async\" src=\"http:\/\/www.halloween-larp.de\/wp-content\/uploads\/2023\/01\/Bildschirmfoto-2023-01-29-um-19.21.19-1-1024x1024.png\" alt=\"\" class=\"wp-image-82\"\/><\/a><\/figure>\n<\/div>\n\n\n\n<div class=\"wp-block-column is-layout-flow wp-block-column-is-layout-flow\">\n<figure class=\"wp-block-image size-large\"><a href=\"http:\/\/www.halloween-larp.de\/?p=129\" target=\"_blank\" rel=\"noreferrer noopener\"><img loading=\"lazy\" decoding=\"async\" width=\"1024\" height=\"962\" src=\"http:\/\/www.halloween-larp.de\/wp-content\/uploads\/2023\/01\/Bildschirmfoto-2023-01-29-um-19.25.12-1024x962.png\" alt=\"\" class=\"wp-image-84\" srcset=\"https:\/\/www.halloween-larp.de\/wp-content\/uploads\/2023\/01\/Bildschirmfoto-2023-01-29-um-19.25.12-1024x962.png 1024w, https:\/\/www.halloween-larp.de\/wp-content\/uploads\/2023\/01\/Bildschirmfoto-2023-01-29-um-19.25.12-300x282.png 300w, https:\/\/www.halloween-larp.de\/wp-content\/uploads\/2023\/01\/Bildschirmfoto-2023-01-29-um-19.25.12-768x722.png 768w, https:\/\/www.halloween-larp.de\/wp-content\/uploads\/2023\/01\/Bildschirmfoto-2023-01-29-um-19.25.12.png 1060w\" sizes=\"auto, (max-width: 1024px) 100vw, 1024px\" \/><\/a><\/figure>\n<\/div>\n<\/div>\n\n\n\n<div class=\"wp-block-columns is-layout-flex wp-container-core-columns-is-layout-9d6595d7 wp-block-columns-is-layout-flex\">\n<div class=\"wp-block-column is-layout-flow wp-block-column-is-layout-flow\">\n<figure class=\"wp-block-image size-large\"><a href=\"http:\/\/www.halloween-larp.de\/?p=132\"><img loading=\"lazy\" decoding=\"async\" width=\"1024\" height=\"877\" src=\"http:\/\/www.halloween-larp.de\/wp-content\/uploads\/2023\/01\/Bildschirmfoto-2023-01-29-um-19.19.29-1024x877.png\" alt=\"\" class=\"wp-image-79\" srcset=\"https:\/\/www.halloween-larp.de\/wp-content\/uploads\/2023\/01\/Bildschirmfoto-2023-01-29-um-19.19.29-1024x877.png 1024w, https:\/\/www.halloween-larp.de\/wp-content\/uploads\/2023\/01\/Bildschirmfoto-2023-01-29-um-19.19.29-300x257.png 300w, https:\/\/www.halloween-larp.de\/wp-content\/uploads\/2023\/01\/Bildschirmfoto-2023-01-29-um-19.19.29-768x658.png 768w, https:\/\/www.halloween-larp.de\/wp-content\/uploads\/2023\/01\/Bildschirmfoto-2023-01-29-um-19.19.29.png 1254w\" sizes=\"auto, (max-width: 1024px) 100vw, 1024px\" \/><\/a><\/figure>\n<\/div>\n\n\n\n<div class=\"wp-block-column is-layout-flow wp-block-column-is-layout-flow\">\n<figure class=\"wp-block-image size-full\"><a href=\"http:\/\/www.halloween-larp.de\/?p=135\" target=\"_blank\" rel=\"noreferrer noopener\"><img loading=\"lazy\" decoding=\"async\" width=\"966\" height=\"966\" src=\"http:\/\/www.halloween-larp.de\/wp-content\/uploads\/2023\/02\/Bildschirmfoto-2023-02-01-um-19.46.54.png\" alt=\"\" class=\"wp-image-142\" srcset=\"https:\/\/www.halloween-larp.de\/wp-content\/uploads\/2023\/02\/Bildschirmfoto-2023-02-01-um-19.46.54.png 966w, https:\/\/www.halloween-larp.de\/wp-content\/uploads\/2023\/02\/Bildschirmfoto-2023-02-01-um-19.46.54-300x300.png 300w, https:\/\/www.halloween-larp.de\/wp-content\/uploads\/2023\/02\/Bildschirmfoto-2023-02-01-um-19.46.54-150x150.png 150w, https:\/\/www.halloween-larp.de\/wp-content\/uploads\/2023\/02\/Bildschirmfoto-2023-02-01-um-19.46.54-768x768.png 768w\" sizes=\"auto, (max-width: 966px) 100vw, 966px\" \/><\/a><\/figure>\n<\/div>\n\n\n\n<div class=\"wp-block-column is-layout-flow wp-block-column-is-layout-flow\"><\/div>\n<\/div>\n<\/div>\n<\/div>\n","protected":false},"excerpt":{"rendered":"<p>Halloween LARP pr\u00e4sentierte einen Mystery-Krimi-Horror-Con, der in den schillernden 20ern handelte. Die SCs konnten r\u00e4tseln, schaudern, frohlocken, l\u00e4stern, leiden, leiden lassen, r\u00e4chen, bezirzen, verraten, verd\u00e4chtigen, verpr\u00fcgeln und einige wenige konnten auch taktisch fliehen. Das Verm\u00e4chtnis des Geisterzimmers Im Jahre 1927 l\u00e4dt ein mysteri\u00f6ser G\u00f6nner namens Rudolf Hans Ferdinand Graf von Rockenbach die weltbesten Ermittler:innen in&#8230;<\/p>\n","protected":false},"author":4,"featured_media":0,"parent":0,"menu_order":0,"comment_status":"closed","ping_status":"closed","template":"","meta":{"footnotes":""},"class_list":["post-454","page","type-page","status-publish","hentry"],"_links":{"self":[{"href":"https:\/\/www.halloween-larp.de\/index.php?rest_route=\/wp\/v2\/pages\/454","targetHints":{"allow":["GET"]}}],"collection":[{"href":"https:\/\/www.halloween-larp.de\/index.php?rest_route=\/wp\/v2\/pages"}],"about":[{"href":"https:\/\/www.halloween-larp.de\/index.php?rest_route=\/wp\/v2\/types\/page"}],"author":[{"embeddable":true,"href":"https:\/\/www.halloween-larp.de\/index.php?rest_route=\/wp\/v2\/users\/4"}],"replies":[{"embeddable":true,"href":"https:\/\/www.halloween-larp.de\/index.php?rest_route=%2Fwp%2Fv2%2Fcomments&post=454"}],"version-history":[{"count":1,"href":"https:\/\/www.halloween-larp.de\/index.php?rest_route=\/wp\/v2\/pages\/454\/revisions"}],"predecessor-version":[{"id":456,"href":"https:\/\/www.halloween-larp.de\/index.php?rest_route=\/wp\/v2\/pages\/454\/revisions\/456"}],"wp:attachment":[{"href":"https:\/\/www.halloween-larp.de\/index.php?rest_route=%2Fwp%2Fv2%2Fmedia&parent=454"}],"curies":[{"name":"wp","href":"https:\/\/api.w.org\/{rel}","templated":true}]}}