{"id":19,"date":"2022-12-23T19:16:36","date_gmt":"2022-12-23T18:16:36","guid":{"rendered":"http:\/\/www.halloween-larp.de\/?page_id=19"},"modified":"2025-09-22T10:25:19","modified_gmt":"2025-09-22T08:25:19","slug":"startseite","status":"publish","type":"page","link":"https:\/\/www.halloween-larp.de\/","title":{"rendered":"Halloween-LARP &#8211; scaring people since 1999"},"content":{"rendered":"\n<div style=\"height:100px\" aria-hidden=\"true\" class=\"wp-block-spacer\"><\/div>\n\n\n\n<div class=\"wp-block-media-text alignwide has-media-on-the-right is-stacked-on-mobile is-vertically-aligned-center has-background\" style=\"background-color:#7f81b98f;grid-template-columns:auto 30%\"><div class=\"wp-block-media-text__content\">\n<div class=\"wp-block-group\" style=\"padding-top:2em;padding-right:2em;padding-bottom:2em;padding-left:2em\"><div class=\"wp-block-group__inner-container is-layout-flow wp-block-group-is-layout-flow\">\n<p style=\"font-size:36px;line-height:1.2\"><strong><strong>Halloween-LARP<\/strong><\/strong><\/p>\n\n\n\n<p class=\"has-extra-small-font-size\">Die Halloween-Orga veranstaltet alle paar Jahre ein au\u00dferordentliches Liverollenspiel. Das Genre hat meist mit Horror und\/oder Krimi zu tun, das Setting und die Zeit wechseln jedoch immer. Besonders wichtig ist uns auf den Veranstaltungen eine stimmige Atmosph\u00e4re, weshalb wir gro\u00dfen Wert auf Details und die Auswahl der Location legen und viel Zeit und M\u00fche in die Vorbereitung investieren.<\/p>\n<\/div><\/div>\n<\/div><figure class=\"wp-block-media-text__media\"><img loading=\"lazy\" decoding=\"async\" width=\"1024\" height=\"1024\" src=\"http:\/\/www.halloween-larp.de\/wp-content\/uploads\/2023\/08\/Logo-final.png\" alt=\"\" class=\"wp-image-160 size-full\" srcset=\"https:\/\/www.halloween-larp.de\/wp-content\/uploads\/2023\/08\/Logo-final.png 1024w, https:\/\/www.halloween-larp.de\/wp-content\/uploads\/2023\/08\/Logo-final-300x300.png 300w, https:\/\/www.halloween-larp.de\/wp-content\/uploads\/2023\/08\/Logo-final-150x150.png 150w, https:\/\/www.halloween-larp.de\/wp-content\/uploads\/2023\/08\/Logo-final-768x768.png 768w\" sizes=\"auto, (max-width: 1024px) 100vw, 1024px\" \/><\/figure><\/div>\n\n\n\n<div class=\"wp-block-group alignwide\"><div class=\"wp-block-group__inner-container is-layout-constrained wp-block-group-is-layout-constrained\">\n<div class=\"wp-block-media-text alignwide is-stacked-on-mobile is-vertically-aligned-center has-background\" style=\"background-color:#4e6f8a85;grid-template-columns:15% auto\"><figure class=\"wp-block-media-text__media\"><img loading=\"lazy\" decoding=\"async\" width=\"1024\" height=\"899\" src=\"http:\/\/www.halloween-larp.de\/wp-content\/uploads\/2023\/01\/skull-gc832066ba_1280-1024x899.png\" alt=\"\" class=\"wp-image-59 size-full\" srcset=\"https:\/\/www.halloween-larp.de\/wp-content\/uploads\/2023\/01\/skull-gc832066ba_1280-1024x899.png 1024w, https:\/\/www.halloween-larp.de\/wp-content\/uploads\/2023\/01\/skull-gc832066ba_1280-300x263.png 300w, https:\/\/www.halloween-larp.de\/wp-content\/uploads\/2023\/01\/skull-gc832066ba_1280-768x674.png 768w, https:\/\/www.halloween-larp.de\/wp-content\/uploads\/2023\/01\/skull-gc832066ba_1280.png 1280w\" sizes=\"auto, (max-width: 1024px) 100vw, 1024px\" \/><\/figure><div class=\"wp-block-media-text__content\">\n<div class=\"wp-block-group\" style=\"padding-top:2em;padding-right:2em;padding-bottom:2em;padding-left:2em\"><div class=\"wp-block-group__inner-container is-layout-flow wp-block-group-is-layout-flow\">\n<p style=\"font-size:36px;line-height:1.2\"><strong><strong>Was kann ich von einem Halloween-LARP erwarten?&nbsp;<\/strong><\/strong><\/p>\n\n\n\n<p>Unser Fokus im Spiel liegt auf Charakterspiel und R\u00e4tseln. K\u00e4mpfe sind meist hoffnungslos, vor allem gegen \u00fcbernat\u00fcrliche M\u00e4chte (nicht, dass solche existieren w\u00fcrden!!1elf!). Wir spielen nach dem \u201cplay to lose\u201d-Prinzip und schaffen zahlreiche Plotangebote, an denen eure armen Charaktere scheitern d\u00fcrfen und manchmal vielleicht auch triumphieren k\u00f6nnen.<\/p>\n\n\n\n<p>Wir spielen, wenn m\u00f6glich, 24h intime, bieten euch aber nat\u00fcrlich einen OT-Bereich zum Durchatmen. Auch nachts k\u00f6nnen also gruselige Dinge passieren, sonst w\u00e4re es ja kein echtes Horror-LARP.&nbsp;<\/p>\n<\/div><\/div>\n<\/div><\/div>\n<\/div><\/div>\n\n\n\n<div class=\"wp-block-media-text alignwide has-media-on-the-right is-stacked-on-mobile is-vertically-aligned-center has-background\" style=\"background-color:#7f81b98f;grid-template-columns:auto 16%\"><div class=\"wp-block-media-text__content\">\n<p>Alle Charaktere sind gecastete Rollen, die liebevoll geschrieben wurden und in einem komplexen Beziehungsgeflecht miteinander verkn\u00fcpft sind. Nat\u00fcrlich hat bei einem Horror-LARP (fast) jede Rolle ihre kleinen dunklen Geheimnisse, die dazu da sind, im unpassendsten Moment ans Licht zu kommen. Ebenso wie bei der Auswahl der Location legen wir auch viel Wert auf stimmige Kleidung und Props bei den Spielenden. Auch die MSCs (=MitSpielende Charaktere) verk\u00f6rpern in vielen F\u00e4llen feste Rollen, mit dem Unterschied, dass sie im Gegensatz zu den SCs nat\u00fcrlich wissen, worauf der Plot hinausl\u00e4uft.&nbsp;<\/p>\n<\/div><figure class=\"wp-block-media-text__media\"><img loading=\"lazy\" decoding=\"async\" width=\"623\" height=\"1024\" src=\"http:\/\/www.halloween-larp.de\/wp-content\/uploads\/2023\/01\/candles-gc74a765bf_1920-e1675014073402-623x1024.png\" alt=\"\" class=\"wp-image-63 size-full\" srcset=\"https:\/\/www.halloween-larp.de\/wp-content\/uploads\/2023\/01\/candles-gc74a765bf_1920-e1675014073402-623x1024.png 623w, https:\/\/www.halloween-larp.de\/wp-content\/uploads\/2023\/01\/candles-gc74a765bf_1920-e1675014073402-183x300.png 183w, https:\/\/www.halloween-larp.de\/wp-content\/uploads\/2023\/01\/candles-gc74a765bf_1920-e1675014073402-768x1262.png 768w, https:\/\/www.halloween-larp.de\/wp-content\/uploads\/2023\/01\/candles-gc74a765bf_1920-e1675014073402.png 873w\" sizes=\"auto, (max-width: 623px) 100vw, 623px\" \/><\/figure><\/div>\n\n\n\n<p class=\"has-text-align-center has-background has-medium-font-size\" style=\"background-color:#e8e8eb21;font-style:normal;font-weight:500\">\nIhr wollt mit uns in Kontakt treten? Mehr \u00fcber unsere Spiele wissen? \nImmer auf dem Laufenden sein? Kommt auf unseren Discord! \n<\/p>\n\n\n\n<div class=\"wp-block-buttons has-custom-font-size has-medium-font-size is-content-justification-center is-nowrap is-layout-flex wp-container-core-buttons-is-layout-1fb9aab6 wp-block-buttons-is-layout-flex\">\n<div class=\"wp-block-button\"><a class=\"wp-block-button__link has-background wp-element-button\" href=\"https:\/\/discord.gg\/t3PDR3fYzR\" style=\"background-color:#6567d6\" target=\"_blank\" rel=\"noreferrer noopener\">Zum Discordserver<\/a><\/div>\n<\/div>\n\n\n\n<h2 class=\"wp-block-heading\">Vergangene Cons<\/h2>\n\n\n\n<div class=\"wp-block-columns is-layout-flex wp-container-core-columns-is-layout-9d6595d7 wp-block-columns-is-layout-flex\">\n<div class=\"wp-block-column is-layout-flow wp-block-column-is-layout-flow\">\n<figure class=\"wp-block-image size-full\"><a href=\"https:\/\/www.halloween-larp.de\/?page_id=325\"><img loading=\"lazy\" decoding=\"async\" width=\"1020\" height=\"1023\" src=\"http:\/\/www.halloween-larp.de\/wp-content\/uploads\/2024\/02\/Main-Teaser-Poster.jpg\" alt=\"\" class=\"wp-image-216\" srcset=\"https:\/\/www.halloween-larp.de\/wp-content\/uploads\/2024\/02\/Main-Teaser-Poster.jpg 1020w, https:\/\/www.halloween-larp.de\/wp-content\/uploads\/2024\/02\/Main-Teaser-Poster-300x300.jpg 300w, https:\/\/www.halloween-larp.de\/wp-content\/uploads\/2024\/02\/Main-Teaser-Poster-150x150.jpg 150w, https:\/\/www.halloween-larp.de\/wp-content\/uploads\/2024\/02\/Main-Teaser-Poster-768x770.jpg 768w\" sizes=\"auto, (max-width: 1020px) 100vw, 1020px\" \/><\/a><\/figure>\n<\/div>\n\n\n\n<div class=\"wp-block-column is-layout-flow wp-block-column-is-layout-flow\">\n<figure class=\"wp-block-image size-large\"><a href=\"https:\/\/www.halloween-larp.de\/?page_id=454\"><img loading=\"lazy\" decoding=\"async\" width=\"1024\" height=\"576\" src=\"http:\/\/www.halloween-larp.de\/wp-content\/uploads\/2023\/01\/Halloween-2023-1024x576.png\" alt=\"\" class=\"wp-image-45\" srcset=\"https:\/\/www.halloween-larp.de\/wp-content\/uploads\/2023\/01\/Halloween-2023-1024x576.png 1024w, https:\/\/www.halloween-larp.de\/wp-content\/uploads\/2023\/01\/Halloween-2023-300x169.png 300w, https:\/\/www.halloween-larp.de\/wp-content\/uploads\/2023\/01\/Halloween-2023-768x432.png 768w, https:\/\/www.halloween-larp.de\/wp-content\/uploads\/2023\/01\/Halloween-2023.png 1280w\" sizes=\"auto, (max-width: 1024px) 100vw, 1024px\" \/><\/a><\/figure>\n<\/div>\n<\/div>\n\n\n\n<p class=\"has-medium-font-size\"><strong>Weitere Informationen<\/strong><\/p>\n\n\n<details>\n<summary>Barrierefreiheit<\/summary>\n<p>Das Locations, in denen wir spielen sind meist nicht oder nur teilweise barrierefrei.\u00a0<\/p>\n<\/details><details>\n<summary>Inklusivit\u00e4t<\/summary>\n<p>OT: Vorurteile wie Rassismus, Sexismus, Homophobie, etc. haben auf unseren Veranstaltungen keinen Platz. Gender, Nationalit\u00e4t, Sexualit\u00e4t sowie Hautfarbe sind f\u00fcr das Spiel auf unseren Veranstaltungen quasi irrelevant. Crossplay ist ausdr\u00fccklich erlaubt, bem\u00fcht euch nur bitte um eine passende Darstellung, um Irritationen vorzubeugen.<\/p>\n<p>IT: Gender, Sexualit\u00e4t oder Hautfarbe sind kein spielerisches Thema. Die Charaktere sind als weiblich oder m\u00e4nnlich geschrieben, k\u00f6nnen aber von den Spielenden angepasst werden.\u00a0<\/p>\n<\/details><details open=\"open\">\n<summary>Teilnahmealter<\/summary>\n<p>Eine Teilnahme an unseren Veranstaltungen ist ab Erreichen des 18. Lebensjahres m\u00f6glich (Vollj\u00e4hrigkeit).<\/p>\n<p>\u00a0<\/p>\n<\/details>\n<p><!--more--><\/p>\n<p><!--more--><\/p>\n<p><!--more--><\/p>\n<details open=\"open\">\n<summary>Trigger und sensible Themen\u00a0<br \/><!--more--><\/summary>\n<p>Bitte nehmt euch hier Zeit und denkt gut nach welche Themen f\u00fcr euch aus-welchem-Grund-auch-immer sehr emotional behaftet sind. Bitte geht sicher, dass euch diese Themen nicht OT zu nahe gehen &#8211; wir m\u00f6chten, dass das Spiel bei allen Grenzsituationen zu jeder Zeit Spa\u00df macht!<\/p>\n<ul>\n<li>Isolation<\/li>\n<li>Blut<\/li>\n<li>Rache<\/li>\n<li>Verlust eines geliebten Menschen<\/li>\n<li>Intrige<\/li>\n<li>Dunkelheit<\/li>\n<li>Gewalt<\/li>\n<li>psychologischer oder physischer Extremdruck<\/li>\n<li>Body Horror<\/li>\n<\/ul>\n<\/details>\n\n\n<p>Link zum <a href=\"https:\/\/www.halloween-larp.de\/?page_id=404\" data-type=\"page\" data-id=\"404\">Impressum<\/a><\/p>\n\n\n\n<hr class=\"wp-block-separator has-alpha-channel-opacity\"\/>\n\n\n<div class=\"wp-block-image is-resized\">\n<figure class=\"aligncenter size-medium\"><img loading=\"lazy\" decoding=\"async\" width=\"300\" height=\"300\" src=\"http:\/\/www.halloween-larp.de\/wp-content\/uploads\/2023\/08\/Logo-final-300x300.png\" alt=\"\" class=\"wp-image-160\" srcset=\"https:\/\/www.halloween-larp.de\/wp-content\/uploads\/2023\/08\/Logo-final-300x300.png 300w, https:\/\/www.halloween-larp.de\/wp-content\/uploads\/2023\/08\/Logo-final-150x150.png 150w, https:\/\/www.halloween-larp.de\/wp-content\/uploads\/2023\/08\/Logo-final-768x768.png 768w, https:\/\/www.halloween-larp.de\/wp-content\/uploads\/2023\/08\/Logo-final.png 1024w\" sizes=\"auto, (max-width: 300px) 100vw, 300px\" \/><\/figure>\n<\/div>","protected":false},"excerpt":{"rendered":"<p>Was kann ich von einem Halloween-LARP erwarten?&nbsp; Unser Fokus im Spiel liegt auf Charakterspiel und R\u00e4tseln. K\u00e4mpfe sind meist hoffnungslos, vor allem gegen \u00fcbernat\u00fcrliche M\u00e4chte (nicht, dass solche existieren w\u00fcrden!!1elf!). Wir spielen nach dem \u201cplay to lose\u201d-Prinzip und schaffen zahlreiche Plotangebote, an denen eure armen Charaktere scheitern d\u00fcrfen und manchmal vielleicht auch triumphieren k\u00f6nnen. Wir&#8230;<\/p>\n","protected":false},"author":2,"featured_media":0,"parent":0,"menu_order":0,"comment_status":"closed","ping_status":"closed","template":"","meta":{"footnotes":""},"class_list":["post-19","page","type-page","status-publish","hentry"],"_links":{"self":[{"href":"https:\/\/www.halloween-larp.de\/index.php?rest_route=\/wp\/v2\/pages\/19","targetHints":{"allow":["GET"]}}],"collection":[{"href":"https:\/\/www.halloween-larp.de\/index.php?rest_route=\/wp\/v2\/pages"}],"about":[{"href":"https:\/\/www.halloween-larp.de\/index.php?rest_route=\/wp\/v2\/types\/page"}],"author":[{"embeddable":true,"href":"https:\/\/www.halloween-larp.de\/index.php?rest_route=\/wp\/v2\/users\/2"}],"replies":[{"embeddable":true,"href":"https:\/\/www.halloween-larp.de\/index.php?rest_route=%2Fwp%2Fv2%2Fcomments&post=19"}],"version-history":[{"count":100,"href":"https:\/\/www.halloween-larp.de\/index.php?rest_route=\/wp\/v2\/pages\/19\/revisions"}],"predecessor-version":[{"id":459,"href":"https:\/\/www.halloween-larp.de\/index.php?rest_route=\/wp\/v2\/pages\/19\/revisions\/459"}],"wp:attachment":[{"href":"https:\/\/www.halloween-larp.de\/index.php?rest_route=%2Fwp%2Fv2%2Fmedia&parent=19"}],"curies":[{"name":"wp","href":"https:\/\/api.w.org\/{rel}","templated":true}]}}