{"id":182,"date":"2024-02-07T17:05:35","date_gmt":"2024-02-07T16:05:35","guid":{"rendered":"http:\/\/www.halloween-larp.de\/?page_id=182"},"modified":"2024-02-21T11:00:30","modified_gmt":"2024-02-21T10:00:30","slug":"halloween-24-aim-to-misbehave","status":"publish","type":"page","link":"https:\/\/www.halloween-larp.de\/?page_id=182","title":{"rendered":"Aim to misbehave &#8211; Anmeldung"},"content":{"rendered":"\n<div class=\"wp-block-columns alignwide are-vertically-aligned-center has-background is-layout-flex wp-container-core-columns-is-layout-9d6595d7 wp-block-columns-is-layout-flex\" style=\"background-color:#12355185\">\n<div class=\"wp-block-column is-layout-flow wp-block-column-is-layout-flow\">\n<p>Halloween LARP pr\u00e4sentiert unseren neuen Science Fiction-Horror-Con, der in der wunderbaren Welt von Firefly und Serenity angesiedelt sein wird. An insgesamt drei(!) Terminen 2024 und 2025 k\u00f6nnt ihr mit uns r\u00e4tseln, schaudern, frohlocken, l\u00e4stern, leiden, leiden lassen, r\u00e4chen, becircen, verraten, verd\u00e4chtigen, verpr\u00fcgeln und ganz euer inneres Cow-Wesen channeln.<\/p>\n<\/div>\n<\/div>\n\n\n<div class=\"wp-block-image is-resized\">\n<figure class=\"aligncenter size-full\"><img loading=\"lazy\" decoding=\"async\" width=\"1020\" height=\"1023\" src=\"https:\/\/www.halloween-larp.de\/wp-content\/uploads\/2024\/02\/Main-Teaser-Poster.jpg\" alt=\"\" class=\"wp-image-216\" srcset=\"https:\/\/www.halloween-larp.de\/wp-content\/uploads\/2024\/02\/Main-Teaser-Poster.jpg 1020w, https:\/\/www.halloween-larp.de\/wp-content\/uploads\/2024\/02\/Main-Teaser-Poster-300x300.jpg 300w, https:\/\/www.halloween-larp.de\/wp-content\/uploads\/2024\/02\/Main-Teaser-Poster-150x150.jpg 150w, https:\/\/www.halloween-larp.de\/wp-content\/uploads\/2024\/02\/Main-Teaser-Poster-768x770.jpg 768w\" sizes=\"auto, (max-width: 1020px) 100vw, 1020px\" \/><figcaption class=\"wp-element-caption\"><sub><em><a href=\"https:\/\/www.flickr.com\/photos\/torley\/4798268384\/\" target=\"_blank\" rel=\"noreferrer noopener\">Bild mit freundlicher Genehmigung von Torley Olmstead<\/a><\/em><\/sub><\/figcaption><\/figure>\n<\/div>\n\n\n<p class=\"has-small-font-size\"><\/p>\n\n\n\n<div class=\"wp-block-columns alignwide are-vertically-aligned-center has-background is-layout-flex wp-container-core-columns-is-layout-9d6595d7 wp-block-columns-is-layout-flex\" style=\"background-color:#7f81b98f\">\n<div class=\"wp-block-column is-layout-flow wp-block-column-is-layout-flow\">\n<h1 class=\"wp-block-heading has-large-font-size\"><strong>Aim to misbehave!<\/strong><\/h1>\n\n\n\n<div class=\"wp-block-media-text is-stacked-on-mobile\" style=\"grid-template-columns:35% auto\"><figure class=\"wp-block-media-text__media\"><img loading=\"lazy\" decoding=\"async\" width=\"474\" height=\"474\" src=\"https:\/\/www.halloween-larp.de\/wp-content\/uploads\/2024\/02\/th.png\" alt=\"\" class=\"wp-image-244 size-full\" srcset=\"https:\/\/www.halloween-larp.de\/wp-content\/uploads\/2024\/02\/th.png 474w, https:\/\/www.halloween-larp.de\/wp-content\/uploads\/2024\/02\/th-300x300.png 300w, https:\/\/www.halloween-larp.de\/wp-content\/uploads\/2024\/02\/th-150x150.png 150w\" sizes=\"auto, (max-width: 474px) 100vw, 474px\" \/><\/figure><div class=\"wp-block-media-text__content\">\n<p class=\"has-medium-font-size\">10 Jahre sind vergangen, seit die Besatzung der &#8222;Serenity&#8220; die finsteren Machenschaften der Allianz auf dem verborgenen Planeten Miranda an die \u00d6ffentlichkeit brachte. Seitdem ist die Bedrohung durch die Reaver nahezu verschwunden, die Allianz konsolidierte ihre Macht im inneren Kern, w\u00e4hrend ihr Einfluss auf den Outer Rim St\u00fcck f\u00fcr St\u00fcck br\u00f6ckelt. Neue Planeten wurden erschlossen und viele neue Siedler machen sich auf ins Unbekannte. In diesen spannenden Zeiten wird so manche Crew gebraucht, f\u00fcr Schutz, f\u00fcr ein St\u00fcck Freiheit und nat\u00fcrlich f\u00fcr Profit. Ger\u00fcchte besagen, dass die Allianz neuen \u00c4rger bef\u00fcrchtet: Angeblich r\u00fcsten sich die Erben der Browncoats f\u00fcr erneuten Widerstand. Die Gruppe nennt sich: The Signal!<\/p>\n<\/div><\/div>\n\n\n\n<p class=\"has-text-align-center\"><strong>PLATZHALTER F\u00dcR EINEN SCHICKEN TRAILER! COMING SOON!<\/strong><\/p>\n<\/div>\n<\/div>\n\n\n\n<div class=\"wp-block-columns alignwide are-vertically-aligned-center has-background is-layout-flex wp-container-core-columns-is-layout-9d6595d7 wp-block-columns-is-layout-flex\" style=\"background-color:#4e6f8a85\">\n<div class=\"wp-block-column is-layout-flow wp-block-column-is-layout-flow\">\n<h3 class=\"wp-block-heading has-large-font-size\"><strong>Practicals<\/strong><\/h3>\n\n\n\n<div class=\"wp-block-media-text has-media-on-the-right is-stacked-on-mobile\" style=\"grid-template-columns:auto 29%\"><div class=\"wp-block-media-text__content\">\n<p><strong>Termine:<\/strong> Run 1 (31.10.-03.11.24), Run 2 (01.03.-04.03.25), Run 3 (06.-09.3.25)<\/p>\n\n\n\n<p><strong>Unsere ber\u00fchmte Payback-Option: <\/strong>Ja, zwischen Run 2 und 3. Kommt auf Run 2 als Spielende und verg\u00fcnstigt auf Run 3 als MSC.<\/p>\n\n\n\n<p><strong>Location:<\/strong> <br>Waldritter-Tagungshaus<br>Ewaldstr. 20<br>45699 Herten<\/p>\n\n\n\n<p><strong>Setting: <\/strong>Firefly\/Serenity Universum, 10 Jahre nach dem Film<\/p>\n\n\n\n<p><strong>Rollen<\/strong>: Ausschlie\u00dflich gecastete Rollen<\/p>\n\n\n\n<p><strong>Pl\u00e4tze<\/strong>: 50 SCs, ca. 10 MSCs<\/p>\n\n\n\n<p><strong>Preis<\/strong>: SC 350 \u20ac, MSC 150 \u20ac (Mitglieder von Illusion-LARP bekommen einen kleinen Rabatt)<\/p>\n\n\n\n<p><strong>Unterkunft<\/strong>: Mehrbettzimmer<\/p>\n\n\n\n<p><strong>Essen<\/strong>: Vollverpflegung (Alkohol zum Selbstkostenpreis)<\/p>\n<\/div><figure class=\"wp-block-media-text__media\"><img loading=\"lazy\" decoding=\"async\" width=\"1004\" height=\"1024\" src=\"https:\/\/www.halloween-larp.de\/wp-content\/uploads\/2024\/02\/wagon-wheel-1004x1024.png\" alt=\"\" class=\"wp-image-228 size-full\" srcset=\"https:\/\/www.halloween-larp.de\/wp-content\/uploads\/2024\/02\/wagon-wheel-1004x1024.png 1004w, https:\/\/www.halloween-larp.de\/wp-content\/uploads\/2024\/02\/wagon-wheel-294x300.png 294w, https:\/\/www.halloween-larp.de\/wp-content\/uploads\/2024\/02\/wagon-wheel-768x783.png 768w, https:\/\/www.halloween-larp.de\/wp-content\/uploads\/2024\/02\/wagon-wheel.png 1294w\" sizes=\"auto, (max-width: 1004px) 100vw, 1004px\" \/><\/figure><\/div>\n\n\n\n<div class=\"wp-block-buttons is-content-justification-center is-layout-flex wp-container-core-buttons-is-layout-16018d1d wp-block-buttons-is-layout-flex\">\n<div class=\"wp-block-button is-style-fill\"><a class=\"wp-block-button__link wp-element-button\" style=\"border-radius:12px\">Zur Anmeldung<\/a><\/div>\n<\/div>\n\n\n\n<p class=\"has-text-align-center\">Die Anmeldung wird bald freigeschaltet. Versprochen!<\/p>\n\n\n\n<p class=\"has-text-align-center has-white-color has-text-color has-link-color has-small-font-size wp-elements-bc123cc4e8522e96449641c97c2972b2\">ACHTUNG: Mit Klick auf den Anmelde-Button gelangst du zu einer Google-Form. Entsprechend k\u00f6nnen Daten an den Konzern \u00fcbertragen werden!<\/p>\n<\/div>\n<\/div>\n\n\n\n<div class=\"wp-block-columns alignwide are-vertically-aligned-center has-background is-layout-flex wp-container-core-columns-is-layout-9d6595d7 wp-block-columns-is-layout-flex\" style=\"background-color:#b698908f\">\n<div class=\"wp-block-column is-layout-flow wp-block-column-is-layout-flow\">\n<h3 class=\"wp-block-heading has-large-font-size\"><strong>Archetypen<\/strong><\/h3>\n\n\n\n<div class=\"wp-block-columns is-layout-flex wp-container-core-columns-is-layout-9d6595d7 wp-block-columns-is-layout-flex\">\n<div class=\"wp-block-column is-layout-flow wp-block-column-is-layout-flow\">\n<figure class=\"wp-block-image size-full\"><a href=\"http:\/\/www.halloween-larp.de\/?p=191\" target=\"_blank\" rel=\"noreferrer noopener\"><img loading=\"lazy\" decoding=\"async\" width=\"1456\" height=\"1014\" src=\"http:\/\/www.halloween-larp.de\/wp-content\/uploads\/2024\/01\/Verhandly.jpg\" alt=\"\" class=\"wp-image-185\" srcset=\"https:\/\/www.halloween-larp.de\/wp-content\/uploads\/2024\/01\/Verhandly.jpg 1456w, https:\/\/www.halloween-larp.de\/wp-content\/uploads\/2024\/01\/Verhandly-300x209.jpg 300w, https:\/\/www.halloween-larp.de\/wp-content\/uploads\/2024\/01\/Verhandly-1024x713.jpg 1024w, https:\/\/www.halloween-larp.de\/wp-content\/uploads\/2024\/01\/Verhandly-768x535.jpg 768w\" sizes=\"auto, (max-width: 1456px) 100vw, 1456px\" \/><\/a><\/figure>\n<\/div>\n\n\n\n<div class=\"wp-block-column is-layout-flow wp-block-column-is-layout-flow\">\n<figure class=\"wp-block-image size-large\"><a href=\"https:\/\/www.halloween-larp.de\/?p=177\"><img loading=\"lazy\" decoding=\"async\" width=\"1024\" height=\"713\" src=\"https:\/\/www.halloween-larp.de\/wp-content\/uploads\/2024\/02\/grobian8-1024x713.jpg\" alt=\"\" class=\"wp-image-214\" srcset=\"https:\/\/www.halloween-larp.de\/wp-content\/uploads\/2024\/02\/grobian8-1024x713.jpg 1024w, https:\/\/www.halloween-larp.de\/wp-content\/uploads\/2024\/02\/grobian8-300x209.jpg 300w, https:\/\/www.halloween-larp.de\/wp-content\/uploads\/2024\/02\/grobian8-768x535.jpg 768w, https:\/\/www.halloween-larp.de\/wp-content\/uploads\/2024\/02\/grobian8.jpg 1456w\" sizes=\"auto, (max-width: 1024px) 100vw, 1024px\" \/><\/a><\/figure>\n<\/div>\n\n\n\n<div class=\"wp-block-column is-layout-flow wp-block-column-is-layout-flow\">\n<figure class=\"wp-block-image size-large\"><a href=\"https:\/\/www.halloween-larp.de\/?p=206\"><img loading=\"lazy\" decoding=\"async\" width=\"1024\" height=\"713\" src=\"http:\/\/www.halloween-larp.de\/wp-content\/uploads\/2024\/02\/schlitzohr-neu-1024x713.jpg\" alt=\"\" class=\"wp-image-356\" srcset=\"https:\/\/www.halloween-larp.de\/wp-content\/uploads\/2024\/02\/schlitzohr-neu-1024x713.jpg 1024w, https:\/\/www.halloween-larp.de\/wp-content\/uploads\/2024\/02\/schlitzohr-neu-300x209.jpg 300w, https:\/\/www.halloween-larp.de\/wp-content\/uploads\/2024\/02\/schlitzohr-neu-768x535.jpg 768w, https:\/\/www.halloween-larp.de\/wp-content\/uploads\/2024\/02\/schlitzohr-neu.jpg 1456w\" sizes=\"auto, (max-width: 1024px) 100vw, 1024px\" \/><\/a><\/figure>\n<\/div>\n<\/div>\n\n\n\n<div class=\"wp-block-columns is-layout-flex wp-container-core-columns-is-layout-9d6595d7 wp-block-columns-is-layout-flex\">\n<div class=\"wp-block-column is-layout-flow wp-block-column-is-layout-flow\">\n<figure class=\"wp-block-image size-large\"><a href=\"https:\/\/www.halloween-larp.de\/?p=208\"><img loading=\"lazy\" decoding=\"async\" width=\"1024\" height=\"713\" src=\"http:\/\/www.halloween-larp.de\/wp-content\/uploads\/2024\/01\/Techniky-1024x713.jpg\" alt=\"\" class=\"wp-image-187\" srcset=\"https:\/\/www.halloween-larp.de\/wp-content\/uploads\/2024\/01\/Techniky-1024x713.jpg 1024w, https:\/\/www.halloween-larp.de\/wp-content\/uploads\/2024\/01\/Techniky-300x209.jpg 300w, https:\/\/www.halloween-larp.de\/wp-content\/uploads\/2024\/01\/Techniky-768x535.jpg 768w, https:\/\/www.halloween-larp.de\/wp-content\/uploads\/2024\/01\/Techniky.jpg 1456w\" sizes=\"auto, (max-width: 1024px) 100vw, 1024px\" \/><\/a><\/figure>\n<\/div>\n\n\n\n<div class=\"wp-block-column is-layout-flow wp-block-column-is-layout-flow\">\n<figure class=\"wp-block-image size-full\"><a href=\"https:\/\/www.halloween-larp.de\/?p=201\"><img loading=\"lazy\" decoding=\"async\" width=\"1456\" height=\"1014\" src=\"http:\/\/www.halloween-larp.de\/wp-content\/uploads\/2024\/01\/Wissenschaft.jpg\" alt=\"\" class=\"wp-image-188\" srcset=\"https:\/\/www.halloween-larp.de\/wp-content\/uploads\/2024\/01\/Wissenschaft.jpg 1456w, https:\/\/www.halloween-larp.de\/wp-content\/uploads\/2024\/01\/Wissenschaft-300x209.jpg 300w, https:\/\/www.halloween-larp.de\/wp-content\/uploads\/2024\/01\/Wissenschaft-1024x713.jpg 1024w, https:\/\/www.halloween-larp.de\/wp-content\/uploads\/2024\/01\/Wissenschaft-768x535.jpg 768w\" sizes=\"auto, (max-width: 1456px) 100vw, 1456px\" \/><\/a><\/figure>\n<\/div>\n\n\n\n<div class=\"wp-block-column is-layout-flow wp-block-column-is-layout-flow\"><\/div>\n<\/div>\n<\/div>\n<\/div>\n\n\n\n<p class=\"has-large-font-size\"><strong>Weitere Informationen<\/strong><\/p>\n\n\n<details>\n<summary>Barrierefreiheit<\/summary>\n<p>Das Raumschiff ist zum Teil barrierefrei. Einige Teile des LARPs spielen sich jedoch auch drau\u00dfen ab und erfordern einen kurzen Spaziergang.<\/p>\n<\/details>\n<details>\n<summary>Inklusivit\u00e4t<\/summary>\n<p>OT: Vorurteile wie Rassismus, Sexismus, Homophobie, etc. haben auf unseren Veranstaltungen keinen Platz. Gender, Nationalit\u00e4t, Sexualit\u00e4t sowie Hautfarbe sind f\u00fcr das Spiel auf unseren Veranstaltungen quasi irrelevant. Crossplay ist ausdr\u00fccklich erlaubt, bem\u00fcht euch nur bitte um eine passende Darstellung, um Irritationen vorzubeugen.<\/p>\n<p>IT: Gender, Sexualit\u00e4t oder Hautfarbe sind kein spielerisches Thema. Die Charaktere sind als weiblich oder m\u00e4nnlich geschrieben, k\u00f6nnen aber von den Spielenden angepasst werden.\u00a0<\/p>\n<\/details>\n<details open=\"open\">\n<summary>Teilnahmealter<\/summary>\n<p>Eine Teilnahme an unseren Veranstaltungen ist ab Erreichen des 18. Lebensjahres m\u00f6glich (Vollj\u00e4hrigkeit).<\/p>\n<\/details>\n<details open=\"open\">\n<summary>Trigger und sensible Themen<\/summary>\n<p>Bitte nehmt euch hier Zeit und denkt gut nach welche Themen f\u00fcr euch aus-welchem-Grund-auch-immer sehr emotional behaftet sind. Bitte geht sicher, dass euch diese Themen nicht OT zu nahe gehen &#8211; wir m\u00f6chten, dass das Spiel bei allen Grenzsituationen zu jeder Zeit Spa\u00df macht!<\/p>\n<ul>\n<li>Isolation<\/li>\n<li>Blut<\/li>\n<li>Rache<\/li>\n<li>Verlust eines geliebten Menschen<\/li>\n<li>Intrige<\/li>\n<li>Dunkelheit<\/li>\n<li>Gewalt<\/li>\n<li>psychologischer oder physischer Extremdruck<\/li>\n<li>Body Horror<\/li>\n<\/ul>\n<\/details>\n\n\n<p><\/p>\n\n\n\n<hr class=\"wp-block-separator has-alpha-channel-opacity\"\/>\n\n\n<p><strong>Q: Wann muss ich denn bezahlen?<\/strong><\/p>\n<p>A: Sobald wir festlegen konnten, wer in welchem Run spielen kann, erh\u00e4ltst du per E-Mail eine pers\u00f6nliche Best\u00e4tigung mit unseren Kontodaten und einem Paypal-Link. Deine Anmeldung ist fest, wenn das Geld bei uns eingetroffen ist.<\/p>\n<p><b>Q: Gibt es vegetarisches oder veganes Essen?<\/b><\/p>\n<p><i><span style=\"font-weight: 400;\">A: Ja. Wir nehmen nach M\u00f6glichkeit auch R\u00fccksicht auf eventuelle Unvertr\u00e4glichkeiten. Sprich uns einfach an!<\/span><\/i><\/p>\n<p><b>Q: Darf ich mir meine eigene Rolle aussuchen?<\/b><\/p>\n<p><i><span style=\"font-weight: 400;\">A: Die Rollen schreiben und vergeben wir. Aber wir fragen im Anmeldeformular nach Vorlieben und Abneigungen, um eine Rolle zu finden, an der du auch Spa\u00df hast. Oder wir. Irgendwer WIRD Spa\u00df haben!<\/span><\/i><\/p>\n<p><b>Q: Wann bekomme ich meine Rolle?<\/b><\/p>\n<p><i><span style=\"font-weight: 400;\">A: Sp\u00e4testens 8 Wochen (*hust*) vor Beginn wirst du deine Rollenbeschreibung erhalten und hast dann Zeit, dich um ein Outfit &amp; Accessoires zu bem\u00fchen.<br \/><em><br \/><strong>Q: Was ist die &#8222;Payback-Option&#8220;?<\/strong><\/p>\n<p>A: F\u00fcr besonders motivierte Spielende bieten wir zum Sonderpreis die M\u00f6glichkeit, bei Run 2 als SC mitzuspielen und dann gleich dazubleiben. Bei Run 3 darfst du dann als MSC hinter die Kulissen schnuppern und den n\u00e4chsten Spielenden alles antun, was dir angetan wurde. It&#8217;s Payback Time!<\/em><br \/><\/span><\/i><\/p>\n<p><b>Q: Was muss ich mitbringen?<\/b><\/p>\n<p><i><span style=\"font-weight: 400;\">A: Stimmige Klamotten f\u00fcr innen und au\u00dfen und nat\u00fcrlich deine Accessoires. Dar\u00fcber hinaus brauchst du Bettw\u00e4sche, Zahnb\u00fcrste und Handtuch. Immer gut ist eine Tasche, Zettel und Stift.<\/span><\/i><\/p>\n<p><b>Q: Werden die Zimmer bespielt?<\/b><\/p>\n<p><i><span style=\"font-weight: 400;\"><em>A: Nein<\/em>,<em> allerdings kann es immer passieren, dass du ins Spiel zur\u00fcckgeholt wirst. Daher bitte die Wertsachen gut verstauen und die Zimmer nachts nach M\u00f6glichkeit nicht absperren.<\/em><\/p>\n\n\n<\/span><\/i><\/p>\n<p><strong>Q: Anreise vor 16 Uhr? Muss das sein?<\/strong><\/p>\n<p><i><span style=\"font-weight: 400;\">\n\n\n\n<\/span><\/i><\/p>\n<p><em>A: Ja. Das Spiel beginnt mit einem Game Prep und einer Sicherheits-Einweisung, die JEDE Person mitbekommen muss. Danach geht es direkt ins Spiel und das Abendessen muss sich jeder in-time verdienen. Daher: Wer zu sp\u00e4t kommt, kriegt keinen Nachtisch! So!<\/em><i><span style=\"font-weight: 400;\">\n\n\n<p><\/span><\/i><\/p>\n<p><b>Q: Ihr wollt ein Foto? Aber ich hab doch noch gar kein Rollenoutfit!<\/b><\/p>\n<p><i><span style=\"font-weight: 400;\">A: Uns reicht v\u00f6llig dein Angesicht. Am besten eine kleine Auswahl. Kost\u00fcm ist daf\u00fcr nicht unbedingt notwendig. Sollten wir dringend ein Foto in Rollenoutfit brauchen, werden wir uns erneut an dich wenden.<\/span><\/i><\/p>\n<p><b>Q: Wozu braucht ihr \u00fcberhaupt ein Foto?<\/b><\/p>\n<p><i><span style=\"font-weight: 400;\">A: Du erh\u00e4ltst mit deiner Rolle auch eine Liste von Menschen, die du kennst. Damit ihr Euch erkennt, gibt es ein Bild dazu. Und wir k\u00f6nnen den MSCs sagen: T\u00f6tet diese Person zuletzt!\u00a0<\/span><\/i><\/p>\n<p><b>Q: Ich hab so tolle Larpwaffen! Darf ich die mitbringen?<\/b><\/p>\n<p><em>A: Du darfst sie uns anbieten. Wir melden uns dann. Wir spielen mit NERF und Polsterwaffen. Bitte keine Schusswaffen, die t\u00e4uschend echt aussehen!<\/em><\/p>\n<p><b>Q: Du hast eine Frage, die hier nicht beantwortet ist?<\/b><\/p>\n<p><i><span style=\"font-weight: 400;\">A: Schick sie uns!<\/span><\/i><\/p>","protected":false},"excerpt":{"rendered":"<p>Halloween LARP pr\u00e4sentiert unseren neuen Science Fiction-Horror-Con, der in der wunderbaren Welt von Firefly und Serenity angesiedelt sein wird. An insgesamt drei(!) Terminen 2024 und 2025 k\u00f6nnt ihr mit uns r\u00e4tseln, schaudern, frohlocken, l\u00e4stern, leiden, leiden lassen, r\u00e4chen, becircen, verraten, verd\u00e4chtigen, verpr\u00fcgeln und ganz euer inneres Cow-Wesen channeln. Aim to misbehave! 10 Jahre sind vergangen,&#8230;<\/p>\n","protected":false},"author":1,"featured_media":0,"parent":19,"menu_order":3,"comment_status":"closed","ping_status":"closed","template":"","meta":{"footnotes":""},"class_list":["post-182","page","type-page","status-publish","hentry"],"_links":{"self":[{"href":"https:\/\/www.halloween-larp.de\/index.php?rest_route=\/wp\/v2\/pages\/182","targetHints":{"allow":["GET"]}}],"collection":[{"href":"https:\/\/www.halloween-larp.de\/index.php?rest_route=\/wp\/v2\/pages"}],"about":[{"href":"https:\/\/www.halloween-larp.de\/index.php?rest_route=\/wp\/v2\/types\/page"}],"author":[{"embeddable":true,"href":"https:\/\/www.halloween-larp.de\/index.php?rest_route=\/wp\/v2\/users\/1"}],"replies":[{"embeddable":true,"href":"https:\/\/www.halloween-larp.de\/index.php?rest_route=%2Fwp%2Fv2%2Fcomments&post=182"}],"version-history":[{"count":41,"href":"https:\/\/www.halloween-larp.de\/index.php?rest_route=\/wp\/v2\/pages\/182\/revisions"}],"predecessor-version":[{"id":358,"href":"https:\/\/www.halloween-larp.de\/index.php?rest_route=\/wp\/v2\/pages\/182\/revisions\/358"}],"up":[{"embeddable":true,"href":"https:\/\/www.halloween-larp.de\/index.php?rest_route=\/wp\/v2\/pages\/19"}],"wp:attachment":[{"href":"https:\/\/www.halloween-larp.de\/index.php?rest_route=%2Fwp%2Fv2%2Fmedia&parent=182"}],"curies":[{"name":"wp","href":"https:\/\/api.w.org\/{rel}","templated":true}]}}